{"id":865,"date":"2025-08-25T20:00:21","date_gmt":"2025-08-25T20:00:21","guid":{"rendered":"https:\/\/www.rizebungalow.com\/at\/?page_id=865"},"modified":"2025-08-25T20:25:16","modified_gmt":"2025-08-25T20:25:16","slug":"su-kacagi-tespiti","status":"publish","type":"page","link":"https:\/\/www.rizebungalow.com\/at\/su-kacagi-tespiti\/","title":{"rendered":"Su Ka\u00e7a\u011f\u0131 Tespiti"},"content":{"rendered":"\t\t<div data-elementor-type=\"wp-page\" data-elementor-id=\"865\" class=\"elementor elementor-865\">\n\t\t\t\t\t\t<section class=\"elementor-section elementor-top-section elementor-element elementor-element-25b7d045 elementor-section-boxed elementor-section-height-default elementor-section-height-default\" data-id=\"25b7d045\" data-element_type=\"section\" data-e-type=\"section\" data-settings=\"{&quot;background_background&quot;:&quot;classic&quot;}\">\n\t\t\t\t\t\t\t<div class=\"elementor-background-overlay\"><\/div>\n\t\t\t\t\t\t\t<div class=\"elementor-container elementor-column-gap-default\">\n\t\t\t\t\t<div class=\"elementor-column elementor-col-50 elementor-top-column elementor-element elementor-element-36c6fc68\" data-id=\"36c6fc68\" data-element_type=\"column\" data-e-type=\"column\">\n\t\t\t<div class=\"elementor-widget-wrap elementor-element-populated\">\n\t\t\t\t\t\t<div class=\"elementor-element elementor-element-1f1a7d8f elementor-widget elementor-widget-text-editor\" data-id=\"1f1a7d8f\" data-element_type=\"widget\" data-e-type=\"widget\" data-widget_type=\"text-editor.default\">\n\t\t\t\t\t\t\t\t\t<p><strong>Analiz Tesisat<\/strong><\/p>\t\t\t\t\t\t\t\t<\/div>\n\t\t\t\t<div class=\"elementor-element elementor-element-77dcf47e elementor-widget elementor-widget-heading\" data-id=\"77dcf47e\" data-element_type=\"widget\" data-e-type=\"widget\" data-widget_type=\"heading.default\">\n\t\t\t\t\t<h2 class=\"elementor-heading-title elementor-size-default\">Su Ka\u00e7a\u011f\u0131 Tespiti<\/h2>\t\t\t\t<\/div>\n\t\t\t\t<div class=\"elementor-element elementor-element-278ad5b6 elementor-widget elementor-widget-text-editor\" data-id=\"278ad5b6\" data-element_type=\"widget\" data-e-type=\"widget\" data-widget_type=\"text-editor.default\">\n\t\t\t\t\t\t\t\t\t<p>Profesyonel Tesisat \u00c7\u00f6z\u00fcmleri!<\/p>\t\t\t\t\t\t\t\t<\/div>\n\t\t\t\t\t<\/div>\n\t\t<\/div>\n\t\t\t\t<div class=\"elementor-column elementor-col-50 elementor-top-column elementor-element elementor-element-459a500f elementor-hidden-tablet elementor-hidden-phone\" data-id=\"459a500f\" data-element_type=\"column\" data-e-type=\"column\">\n\t\t\t<div class=\"elementor-widget-wrap\">\n\t\t\t\t\t\t\t<\/div>\n\t\t<\/div>\n\t\t\t\t\t<\/div>\n\t\t<\/section>\n\t\t<div class=\"elementor-element elementor-element-8ad00e9 e-flex e-con-boxed e-con e-parent\" data-id=\"8ad00e9\" data-element_type=\"container\" data-e-type=\"container\">\n\t\t\t\t\t<div class=\"e-con-inner\">\n\t\t<div class=\"elementor-element elementor-element-f8f51c8 e-con-full e-flex e-con e-child\" data-id=\"f8f51c8\" data-element_type=\"container\" data-e-type=\"container\">\n\t\t\t\t<div class=\"elementor-element elementor-element-d6457ee elementor-widget elementor-widget-heading\" data-id=\"d6457ee\" data-element_type=\"widget\" data-e-type=\"widget\" data-widget_type=\"heading.default\">\n\t\t\t\t\t<h2 class=\"elementor-heading-title elementor-size-default\">Profesyonel Tesisat \u00c7\u00f6z\u00fcmleri<\/h2>\t\t\t\t<\/div>\n\t\t\t\t<div class=\"elementor-element elementor-element-97a5e87 elementor-widget elementor-widget-text-editor\" data-id=\"97a5e87\" data-element_type=\"widget\" data-e-type=\"widget\" data-widget_type=\"text-editor.default\">\n\t\t\t\t\t\t\t\t\t<p>Profesyonel ekipmanlar\u0131m\u0131zla su ka\u00e7a\u011f\u0131n\u0131z\u0131 k\u0131sa s\u00fcrede tespit ediyoruz. K\u0131rma-d\u00f6kme olmadan, temiz ve garantili onar\u0131m sa\u011fl\u0131yoruz.<\/p><h3 data-start=\"399\" data-end=\"418\">\ud83d\udd39Neden Biz?<\/h3><ul data-start=\"419\" data-end=\"572\"><li data-start=\"419\" data-end=\"484\"><p data-start=\"421\" data-end=\"484\">Termal kamera ve akustik dinleme cihazlar\u0131yla noktasal tespit<\/p><\/li><li data-start=\"485\" data-end=\"521\"><p data-start=\"487\" data-end=\"521\">K\u0131rmadan ve zarar vermeden \u00e7\u00f6z\u00fcm<\/p><\/li><li data-start=\"522\" data-end=\"551\"><p data-start=\"524\" data-end=\"551\">Uygun fiyat, h\u0131zl\u0131 hizmet<\/p><\/li><li data-start=\"552\" data-end=\"572\"><p data-start=\"554\" data-end=\"572\">7\/24 acil servis<\/p><\/li><\/ul><hr data-start=\"574\" data-end=\"577\" \/><h3 data-start=\"579\" data-end=\"606\">\ud83d\udd39 Hizmet Alanlar\u0131m\u0131z<\/h3><ul data-start=\"607\" data-end=\"782\"><li data-start=\"607\" data-end=\"651\"><p data-start=\"609\" data-end=\"651\">Daire ve apartmanlarda su ka\u00e7a\u011f\u0131 tespiti<\/p><\/li><li data-start=\"652\" data-end=\"694\"><p data-start=\"654\" data-end=\"694\">\u0130\u015f yeri ve ofislerde tesisat sorunlar\u0131<\/p><\/li><li data-start=\"695\" data-end=\"740\"><p data-start=\"697\" data-end=\"740\">Bah\u00e7e ve bina ana hatlar\u0131nda su s\u0131z\u0131nt\u0131s\u0131<\/p><\/li><li data-start=\"741\" data-end=\"782\"><p data-start=\"743\" data-end=\"782\">Kombi ve kalorifer tesisat\u0131 ka\u00e7aklar\u0131<\/p><\/li><\/ul><hr data-start=\"784\" data-end=\"787\" \/><h3 data-start=\"789\" data-end=\"813\">\ud83d\udd39 \u00c7\u00f6z\u00fcm S\u00fcrecimiz<\/h3><ol data-start=\"814\" data-end=\"1012\"><li data-start=\"814\" data-end=\"882\"><p data-start=\"817\" data-end=\"882\">Profesyonel cihazlarla su ka\u00e7a\u011f\u0131n\u0131 nokta at\u0131\u015f\u0131 tespit ediyoruz.<\/p><\/li><li data-start=\"883\" data-end=\"943\"><p data-start=\"886\" data-end=\"943\">Gerekirse k\u00fc\u00e7\u00fck ve lokal m\u00fcdahale ile sorunu \u00e7\u00f6z\u00fcyoruz.<\/p><\/li><li data-start=\"944\" data-end=\"1012\"><p data-start=\"947\" data-end=\"1012\">\u0130\u015flem sonras\u0131 tekrar kontrol yaparak garantili teslim ediyoruz.<\/p><\/li><\/ol>\t\t\t\t\t\t\t\t<\/div>\n\t\t\t\t<\/div>\n\t\t<div class=\"elementor-element elementor-element-70c8fc0 e-con-full e-flex e-con e-child\" data-id=\"70c8fc0\" data-element_type=\"container\" data-e-type=\"container\">\n\t\t\t\t<div class=\"elementor-element elementor-element-da00d56 elementor-widget elementor-widget-image\" data-id=\"da00d56\" data-element_type=\"widget\" data-e-type=\"widget\" data-widget_type=\"image.default\">\n\t\t\t\t\t\t\t\t\t\t\t\t\t\t\t<img fetchpriority=\"high\" decoding=\"async\" width=\"683\" height=\"1024\" src=\"https:\/\/www.rizebungalow.com\/at\/wp-content\/uploads\/2025\/08\/WhatsApp-Gorsel-2025-08-23-saat-19.03.05_7974d988-683x1024.jpg\" class=\"attachment-large size-large wp-image-879\" alt=\"su ka\u00e7ak ve gider a\u00e7ma\" srcset=\"https:\/\/www.rizebungalow.com\/at\/wp-content\/uploads\/2025\/08\/WhatsApp-Gorsel-2025-08-23-saat-19.03.05_7974d988-683x1024.jpg 683w, https:\/\/www.rizebungalow.com\/at\/wp-content\/uploads\/2025\/08\/WhatsApp-Gorsel-2025-08-23-saat-19.03.05_7974d988-200x300.jpg 200w, https:\/\/www.rizebungalow.com\/at\/wp-content\/uploads\/2025\/08\/WhatsApp-Gorsel-2025-08-23-saat-19.03.05_7974d988-768x1152.jpg 768w, https:\/\/www.rizebungalow.com\/at\/wp-content\/uploads\/2025\/08\/WhatsApp-Gorsel-2025-08-23-saat-19.03.05_7974d988.jpg 1024w\" sizes=\"(max-width: 683px) 100vw, 683px\" \/>\t\t\t\t\t\t\t\t\t\t\t\t\t\t\t<\/div>\n\t\t\t\t<\/div>\n\t\t\t\t\t<\/div>\n\t\t\t\t<\/div>\n\t\t\t\t<\/div>\n\t\t","protected":false},"excerpt":{"rendered":"<p>Analiz Tesisat Su Ka\u00e7a\u011f\u0131 Tespiti Profesyonel Tesisat \u00c7\u00f6z\u00fcmleri! Profesyonel Tesisat \u00c7\u00f6z\u00fcmleri Profesyonel ekipmanlar\u0131m\u0131zla su ka\u00e7a\u011f\u0131n\u0131z\u0131 k\u0131sa s\u00fcrede tespit ediyoruz. K\u0131rma-d\u00f6kme olmadan, temiz ve garantili onar\u0131m sa\u011fl\u0131yoruz. &#x1f539;Neden Biz? Termal kamera ve akustik dinleme cihazlar\u0131yla noktasal tespit K\u0131rmadan ve zarar vermeden \u00e7\u00f6z\u00fcm Uygun fiyat, h\u0131zl\u0131 hizmet 7\/24 acil servis &#x1f539; Hizmet Alanlar\u0131m\u0131z Daire ve apartmanlarda su&#8230;<\/p>\n","protected":false},"author":1,"featured_media":0,"parent":0,"menu_order":0,"comment_status":"closed","ping_status":"closed","template":"","meta":{"_kad_blocks_custom_css":"","_kad_blocks_head_custom_js":"","_kad_blocks_body_custom_js":"","_kad_blocks_footer_custom_js":"","_kadence_starter_templates_imported_post":false,"_kad_post_transparent":"","_kad_post_title":"","_kad_post_layout":"","_kad_post_sidebar_id":"","_kad_post_content_style":"","_kad_post_vertical_padding":"","_kad_post_feature":"","_kad_post_feature_position":"","_kad_post_header":false,"_kad_post_footer":false,"_kad_post_classname":"","footnotes":""},"class_list":["post-865","page","type-page","status-publish","hentry"],"yoast_head":"<!-- This site is optimized with the Yoast SEO plugin v26.1.1 - https:\/\/yoast.com\/wordpress\/plugins\/seo\/ -->\n<title>Su Ka\u00e7a\u011f\u0131 Tespiti - analiztesisat.com<\/title>\n<meta name=\"robots\" content=\"index, follow, max-snippet:-1, max-image-preview:large, max-video-preview:-1\" \/>\n<link rel=\"canonical\" href=\"https:\/\/www.rizebungalow.com\/at\/su-kacagi-tespiti\/\" \/>\n<meta property=\"og:locale\" content=\"tr_TR\" \/>\n<meta property=\"og:type\" content=\"article\" \/>\n<meta property=\"og:title\" content=\"Su Ka\u00e7a\u011f\u0131 Tespiti - analiztesisat.com\" \/>\n<meta property=\"og:description\" content=\"Analiz Tesisat Su Ka\u00e7a\u011f\u0131 Tespiti Profesyonel Tesisat \u00c7\u00f6z\u00fcmleri! Profesyonel Tesisat \u00c7\u00f6z\u00fcmleri Profesyonel ekipmanlar\u0131m\u0131zla su ka\u00e7a\u011f\u0131n\u0131z\u0131 k\u0131sa s\u00fcrede tespit ediyoruz. K\u0131rma-d\u00f6kme olmadan, temiz ve garantili onar\u0131m sa\u011fl\u0131yoruz. &#x1f539;Neden Biz? Termal kamera ve akustik dinleme cihazlar\u0131yla noktasal tespit K\u0131rmadan ve zarar vermeden \u00e7\u00f6z\u00fcm Uygun fiyat, h\u0131zl\u0131 hizmet 7\/24 acil servis &#x1f539; Hizmet Alanlar\u0131m\u0131z Daire ve apartmanlarda su...\" \/>\n<meta property=\"og:url\" content=\"https:\/\/www.rizebungalow.com\/at\/su-kacagi-tespiti\/\" \/>\n<meta property=\"og:site_name\" content=\"analiztesisat.com\" \/>\n<meta property=\"article:modified_time\" content=\"2025-08-25T20:25:16+00:00\" \/>\n<meta property=\"og:image\" content=\"https:\/\/www.rizebungalow.com\/at\/wp-content\/uploads\/2025\/08\/WhatsApp-Gorsel-2025-08-23-saat-19.03.05_7974d988.jpg\" \/>\n\t<meta property=\"og:image:width\" content=\"1024\" \/>\n\t<meta property=\"og:image:height\" content=\"1536\" \/>\n\t<meta property=\"og:image:type\" content=\"image\/jpeg\" \/>\n<meta name=\"twitter:card\" content=\"summary_large_image\" \/>\n<meta name=\"twitter:label1\" content=\"Tahmini okuma s\u00fcresi\" \/>\n\t<meta name=\"twitter:data1\" content=\"1 dakika\" \/>\n<script type=\"application\/ld+json\" class=\"yoast-schema-graph\">{\"@context\":\"https:\/\/schema.org\",\"@graph\":[{\"@type\":\"WebPage\",\"@id\":\"https:\/\/www.rizebungalow.com\/at\/su-kacagi-tespiti\/\",\"url\":\"https:\/\/www.rizebungalow.com\/at\/su-kacagi-tespiti\/\",\"name\":\"Su Ka\u00e7a\u011f\u0131 Tespiti - analiztesisat.com\",\"isPartOf\":{\"@id\":\"https:\/\/www.rizebungalow.com\/at\/#website\"},\"primaryImageOfPage\":{\"@id\":\"https:\/\/www.rizebungalow.com\/at\/su-kacagi-tespiti\/#primaryimage\"},\"image\":{\"@id\":\"https:\/\/www.rizebungalow.com\/at\/su-kacagi-tespiti\/#primaryimage\"},\"thumbnailUrl\":\"https:\/\/www.rizebungalow.com\/at\/wp-content\/uploads\/2025\/08\/WhatsApp-Gorsel-2025-08-23-saat-19.03.05_7974d988-683x1024.jpg\",\"datePublished\":\"2025-08-25T20:00:21+00:00\",\"dateModified\":\"2025-08-25T20:25:16+00:00\",\"breadcrumb\":{\"@id\":\"https:\/\/www.rizebungalow.com\/at\/su-kacagi-tespiti\/#breadcrumb\"},\"inLanguage\":\"tr\",\"potentialAction\":[{\"@type\":\"ReadAction\",\"target\":[\"https:\/\/www.rizebungalow.com\/at\/su-kacagi-tespiti\/\"]}]},{\"@type\":\"ImageObject\",\"inLanguage\":\"tr\",\"@id\":\"https:\/\/www.rizebungalow.com\/at\/su-kacagi-tespiti\/#primaryimage\",\"url\":\"https:\/\/www.rizebungalow.com\/at\/wp-content\/uploads\/2025\/08\/WhatsApp-Gorsel-2025-08-23-saat-19.03.05_7974d988.jpg\",\"contentUrl\":\"https:\/\/www.rizebungalow.com\/at\/wp-content\/uploads\/2025\/08\/WhatsApp-Gorsel-2025-08-23-saat-19.03.05_7974d988.jpg\",\"width\":1024,\"height\":1536,\"caption\":\"su ka\u00e7ak ve gider a\u00e7ma\"},{\"@type\":\"BreadcrumbList\",\"@id\":\"https:\/\/www.rizebungalow.com\/at\/su-kacagi-tespiti\/#breadcrumb\",\"itemListElement\":[{\"@type\":\"ListItem\",\"position\":1,\"name\":\"Anasayfa\",\"item\":\"https:\/\/www.rizebungalow.com\/at\/\"},{\"@type\":\"ListItem\",\"position\":2,\"name\":\"Su Ka\u00e7a\u011f\u0131 Tespiti\"}]},{\"@type\":\"WebSite\",\"@id\":\"https:\/\/www.rizebungalow.com\/at\/#website\",\"url\":\"https:\/\/www.rizebungalow.com\/at\/\",\"name\":\"analiztesisat.com\",\"description\":\"Su Ka\u00e7a\u011f\u0131na Son!\",\"publisher\":{\"@id\":\"https:\/\/www.rizebungalow.com\/at\/#organization\"},\"potentialAction\":[{\"@type\":\"SearchAction\",\"target\":{\"@type\":\"EntryPoint\",\"urlTemplate\":\"https:\/\/www.rizebungalow.com\/at\/?s={search_term_string}\"},\"query-input\":{\"@type\":\"PropertyValueSpecification\",\"valueRequired\":true,\"valueName\":\"search_term_string\"}}],\"inLanguage\":\"tr\"},{\"@type\":\"Organization\",\"@id\":\"https:\/\/www.rizebungalow.com\/at\/#organization\",\"name\":\"analiztesisat.com\",\"url\":\"https:\/\/www.rizebungalow.com\/at\/\",\"logo\":{\"@type\":\"ImageObject\",\"inLanguage\":\"tr\",\"@id\":\"https:\/\/www.rizebungalow.com\/at\/#\/schema\/logo\/image\/\",\"url\":\"https:\/\/www.rizebungalow.com\/at\/wp-content\/uploads\/2025\/08\/Cemge-Ajans-4-scaled.png\",\"contentUrl\":\"https:\/\/www.rizebungalow.com\/at\/wp-content\/uploads\/2025\/08\/Cemge-Ajans-4-scaled.png\",\"width\":2560,\"height\":854,\"caption\":\"analiztesisat.com\"},\"image\":{\"@id\":\"https:\/\/www.rizebungalow.com\/at\/#\/schema\/logo\/image\/\"}}]}<\/script>\n<!-- \/ Yoast SEO plugin. -->","yoast_head_json":{"title":"Su Ka\u00e7a\u011f\u0131 Tespiti - analiztesisat.com","robots":{"index":"index","follow":"follow","max-snippet":"max-snippet:-1","max-image-preview":"max-image-preview:large","max-video-preview":"max-video-preview:-1"},"canonical":"https:\/\/www.rizebungalow.com\/at\/su-kacagi-tespiti\/","og_locale":"tr_TR","og_type":"article","og_title":"Su Ka\u00e7a\u011f\u0131 Tespiti - analiztesisat.com","og_description":"Analiz Tesisat Su Ka\u00e7a\u011f\u0131 Tespiti Profesyonel Tesisat \u00c7\u00f6z\u00fcmleri! Profesyonel Tesisat \u00c7\u00f6z\u00fcmleri Profesyonel ekipmanlar\u0131m\u0131zla su ka\u00e7a\u011f\u0131n\u0131z\u0131 k\u0131sa s\u00fcrede tespit ediyoruz. K\u0131rma-d\u00f6kme olmadan, temiz ve garantili onar\u0131m sa\u011fl\u0131yoruz. &#x1f539;Neden Biz? Termal kamera ve akustik dinleme cihazlar\u0131yla noktasal tespit K\u0131rmadan ve zarar vermeden \u00e7\u00f6z\u00fcm Uygun fiyat, h\u0131zl\u0131 hizmet 7\/24 acil servis &#x1f539; Hizmet Alanlar\u0131m\u0131z Daire ve apartmanlarda su...","og_url":"https:\/\/www.rizebungalow.com\/at\/su-kacagi-tespiti\/","og_site_name":"analiztesisat.com","article_modified_time":"2025-08-25T20:25:16+00:00","og_image":[{"width":1024,"height":1536,"url":"https:\/\/www.rizebungalow.com\/at\/wp-content\/uploads\/2025\/08\/WhatsApp-Gorsel-2025-08-23-saat-19.03.05_7974d988.jpg","type":"image\/jpeg"}],"twitter_card":"summary_large_image","twitter_misc":{"Tahmini okuma s\u00fcresi":"1 dakika"},"schema":{"@context":"https:\/\/schema.org","@graph":[{"@type":"WebPage","@id":"https:\/\/www.rizebungalow.com\/at\/su-kacagi-tespiti\/","url":"https:\/\/www.rizebungalow.com\/at\/su-kacagi-tespiti\/","name":"Su Ka\u00e7a\u011f\u0131 Tespiti - analiztesisat.com","isPartOf":{"@id":"https:\/\/www.rizebungalow.com\/at\/#website"},"primaryImageOfPage":{"@id":"https:\/\/www.rizebungalow.com\/at\/su-kacagi-tespiti\/#primaryimage"},"image":{"@id":"https:\/\/www.rizebungalow.com\/at\/su-kacagi-tespiti\/#primaryimage"},"thumbnailUrl":"https:\/\/www.rizebungalow.com\/at\/wp-content\/uploads\/2025\/08\/WhatsApp-Gorsel-2025-08-23-saat-19.03.05_7974d988-683x1024.jpg","datePublished":"2025-08-25T20:00:21+00:00","dateModified":"2025-08-25T20:25:16+00:00","breadcrumb":{"@id":"https:\/\/www.rizebungalow.com\/at\/su-kacagi-tespiti\/#breadcrumb"},"inLanguage":"tr","potentialAction":[{"@type":"ReadAction","target":["https:\/\/www.rizebungalow.com\/at\/su-kacagi-tespiti\/"]}]},{"@type":"ImageObject","inLanguage":"tr","@id":"https:\/\/www.rizebungalow.com\/at\/su-kacagi-tespiti\/#primaryimage","url":"https:\/\/www.rizebungalow.com\/at\/wp-content\/uploads\/2025\/08\/WhatsApp-Gorsel-2025-08-23-saat-19.03.05_7974d988.jpg","contentUrl":"https:\/\/www.rizebungalow.com\/at\/wp-content\/uploads\/2025\/08\/WhatsApp-Gorsel-2025-08-23-saat-19.03.05_7974d988.jpg","width":1024,"height":1536,"caption":"su ka\u00e7ak ve gider a\u00e7ma"},{"@type":"BreadcrumbList","@id":"https:\/\/www.rizebungalow.com\/at\/su-kacagi-tespiti\/#breadcrumb","itemListElement":[{"@type":"ListItem","position":1,"name":"Anasayfa","item":"https:\/\/www.rizebungalow.com\/at\/"},{"@type":"ListItem","position":2,"name":"Su Ka\u00e7a\u011f\u0131 Tespiti"}]},{"@type":"WebSite","@id":"https:\/\/www.rizebungalow.com\/at\/#website","url":"https:\/\/www.rizebungalow.com\/at\/","name":"analiztesisat.com","description":"Su Ka\u00e7a\u011f\u0131na Son!","publisher":{"@id":"https:\/\/www.rizebungalow.com\/at\/#organization"},"potentialAction":[{"@type":"SearchAction","target":{"@type":"EntryPoint","urlTemplate":"https:\/\/www.rizebungalow.com\/at\/?s={search_term_string}"},"query-input":{"@type":"PropertyValueSpecification","valueRequired":true,"valueName":"search_term_string"}}],"inLanguage":"tr"},{"@type":"Organization","@id":"https:\/\/www.rizebungalow.com\/at\/#organization","name":"analiztesisat.com","url":"https:\/\/www.rizebungalow.com\/at\/","logo":{"@type":"ImageObject","inLanguage":"tr","@id":"https:\/\/www.rizebungalow.com\/at\/#\/schema\/logo\/image\/","url":"https:\/\/www.rizebungalow.com\/at\/wp-content\/uploads\/2025\/08\/Cemge-Ajans-4-scaled.png","contentUrl":"https:\/\/www.rizebungalow.com\/at\/wp-content\/uploads\/2025\/08\/Cemge-Ajans-4-scaled.png","width":2560,"height":854,"caption":"analiztesisat.com"},"image":{"@id":"https:\/\/www.rizebungalow.com\/at\/#\/schema\/logo\/image\/"}}]}},"taxonomy_info":[],"featured_image_src_large":false,"author_info":{"display_name":"admin","author_link":"https:\/\/www.rizebungalow.com\/at\/author\/u2376250\/"},"comment_info":0,"_links":{"self":[{"href":"https:\/\/www.rizebungalow.com\/at\/wp-json\/wp\/v2\/pages\/865","targetHints":{"allow":["GET"]}}],"collection":[{"href":"https:\/\/www.rizebungalow.com\/at\/wp-json\/wp\/v2\/pages"}],"about":[{"href":"https:\/\/www.rizebungalow.com\/at\/wp-json\/wp\/v2\/types\/page"}],"author":[{"embeddable":true,"href":"https:\/\/www.rizebungalow.com\/at\/wp-json\/wp\/v2\/users\/1"}],"replies":[{"embeddable":true,"href":"https:\/\/www.rizebungalow.com\/at\/wp-json\/wp\/v2\/comments?post=865"}],"version-history":[{"count":7,"href":"https:\/\/www.rizebungalow.com\/at\/wp-json\/wp\/v2\/pages\/865\/revisions"}],"predecessor-version":[{"id":883,"href":"https:\/\/www.rizebungalow.com\/at\/wp-json\/wp\/v2\/pages\/865\/revisions\/883"}],"wp:attachment":[{"href":"https:\/\/www.rizebungalow.com\/at\/wp-json\/wp\/v2\/media?parent=865"}],"curies":[{"name":"wp","href":"https:\/\/api.w.org\/{rel}","templated":true}]}}